{"id":10591,"date":"2019-06-07T10:23:53","date_gmt":"2019-06-07T15:23:53","guid":{"rendered":"http:\/\/demo.thimpress.com\/eduma\/?page_id=12"},"modified":"2026-01-20T15:03:04","modified_gmt":"2026-01-20T20:03:04","slug":"home","status":"publish","type":"page","link":"https:\/\/coloriental26.edu.co\/web\/","title":{"rendered":"Inicio"},"content":{"rendered":"<div class=\"wpb-content-wrapper\"><p>[vc_row full_width=&#8221;stretch_row&#8221; css=&#8221;.vc_custom_1648825889616{margin-bottom: 0px !important;}&#8221;][vc_column][rev_slider_vc alias=&#8221;home-page&#8221;][\/vc_column][\/vc_row][vc_row css=&#8221;.vc_custom_1768939378056{margin-top: -90px !important;background-color: #eee0cd !important;}&#8221; el_class=&#8221;row_relative&#8221;][vc_column width=&#8221;2\/3&#8243; css=&#8221;.vc_custom_1532058844902{padding-top: 0px !important;}&#8221;][vc_row_inner css=&#8221;.vc_custom_1532058886594{margin-bottom: 0px !important;padding-top: 35px !important;padding-right: 20px !important;padding-bottom: 30px !important;padding-left: 20px !important;}&#8221;][vc_column_inner width=&#8221;1\/3&#8243;]<div class=\"thim-widget-icon-box template-base\"><div class=\"wrapper-box-icon text-left \" ><div class=\"smicon-box iconbox-left\" style=\"--icon-font-size:48px;--icon-color:#dd6c30;--icon-width: 60px;--icon-height: 55px;--icon-color-hover:#353866;\"><div class=\"boxes-icon\"><a class=\"icon-box-link\" target=\"_self\" href=\"#\"><span class=\"inner-icon\"><span class=\"icon\"><i class=\"fas fa-suitcase\"\"><\/i><\/span><\/span><\/span><\/a><\/div><div class=\"content-inner\"><div class=\"sc-heading article_heading\"><h3 class = \"heading__primary\" style=\"--title-color: #2ec4b6;--title-font-size: 18px;--title-font-weight: 400;--title-margin-bottom: 5px;\"><a class=\"icon-box-link\" target=\"_self\" href=\"#\" >MODALIDADES T\u00c9CNICAS<\/a><\/h3><\/div><\/div><\/div><\/div><\/div>[\/vc_column_inner][vc_column_inner width=&#8221;1\/3&#8243;]<div class=\"thim-widget-icon-box template-base\"><div class=\"wrapper-box-icon text-left \" ><div class=\"smicon-box iconbox-left\" style=\"--icon-font-size:48px;--icon-color:#dd6c30;--icon-width: 60px;--icon-height: 55px;--icon-color-hover:#353866;\"><div class=\"boxes-icon\"><a class=\"icon-box-link\" target=\"_self\" href=\"#\"><span class=\"inner-icon\"><span class=\"icon\"><i class=\"ion-ios-book-outline\"\"><\/i><\/span><\/span><\/span><\/a><\/div><div class=\"content-inner\"><div class=\"sc-heading article_heading\"><h3 class = \"heading__primary\" style=\"--title-color: #2ec4b6;--title-font-size: 18px;--title-font-weight: 400;--title-margin-bottom: 5px;\"><a class=\"icon-box-link\" target=\"_self\" href=\"#\" >EDUCACI\u00d3N<\/a><\/h3><\/div><div class=\"desc-icon-box\"><div class=\"desc-content\" style=\"color: #292929;font-size: 16px;font-weight: 300;line-height: 23px;\">Preescolar y Primaria<\/div><\/div><\/div><\/div><\/div><\/div>[\/vc_column_inner][vc_column_inner width=&#8221;1\/3&#8243;]<div class=\"thim-widget-icon-box template-base\"><div class=\"wrapper-box-icon text-left \" ><div class=\"smicon-box iconbox-left\" style=\"--icon-font-size:48px;--icon-color:#dd6c30;--icon-width: 60px;--icon-height: 55px;--icon-color-hover:#353866;\"><div class=\"boxes-icon\"><a class=\"icon-box-link\" target=\"_self\" href=\"#\"><span class=\"inner-icon\"><span class=\"icon\"><i class=\"ion-ios-basketball-outline\"\"><\/i><\/span><\/span><\/span><\/a><\/div><div class=\"content-inner\"><div class=\"sc-heading article_heading\"><h3 class = \"heading__primary\" style=\"--title-color: #2ec4b6;--title-font-size: 18px;--title-font-weight: 400;--title-margin-bottom: 5px;\"><a class=\"icon-box-link\" target=\"_self\" href=\"#\" >EDUCACI\u00d3N<\/a><\/h3><\/div><div class=\"desc-icon-box\"><div class=\"desc-content\" style=\"color: #292929;font-size: 16px;font-weight: 300;line-height: 23px;\">Secundaria y Media<\/div><\/div><\/div><\/div><\/div><\/div>[\/vc_column_inner][\/vc_row_inner][\/vc_column][vc_column width=&#8221;1\/3&#8243; el_class=&#8221;feature-icon-box&#8221; css=&#8221;.vc_custom_1532058945916{padding-top: 35px !important;padding-right: 0px !important;padding-bottom: 33px !important;padding-left: 30px !important;}&#8221;]<div class=\"thim-widget-icon-box template-base\"><div class=\"wrapper-box-icon text-left \" ><div class=\"smicon-box iconbox-right\" style=\"--icon-font-size:38px;--icon-color:#ffffff;--icon-width: 80px;--icon-height: 42px;--icon-color-hover:#353866;\"><div class=\"boxes-icon\"><a class=\"icon-box-link\" target=\"_self\" href=\"https:\/\/coloriental26.edu.co\/web\/#\"><span class=\"inner-icon\"><span class=\"icon\"><i class=\"fas fa-graduation-cap\"\"><\/i><\/span><\/span><\/span><\/a><\/div><div class=\"content-inner\"><div class=\"sc-heading article_heading\"><h3 class = \"heading__primary\" style=\"--title-color: #ffffff;--title-font-size: 20px;--title-font-weight: 500;--title-margin-bottom: 5px;\"><a class=\"icon-box-link\" target=\"_self\" href=\"https:\/\/coloriental26.edu.co\/web\/#\" >REGISTRO DE EGRESADOS<\/a><\/h3><\/div><div class=\"desc-icon-box\"><div class=\"desc-content\" style=\"color: #ffffff;font-size: 16px;font-weight: 300;line-height: 23px;\">Actualizaci\u00f3n de Datos<\/div><\/div><\/div><\/div><\/div><\/div>[\/vc_column][\/vc_row][vc_row disable_element=&#8221;yes&#8221; css=&#8221;.vc_custom_1768939383430{margin-top: -90px !important;background-color: #eee0cd !important;}&#8221; el_class=&#8221;row_relative&#8221;][vc_column width=&#8221;2\/3&#8243; css=&#8221;.vc_custom_1532058844902{padding-top: 0px !important;}&#8221;][vc_row_inner css=&#8221;.vc_custom_1532058886594{margin-bottom: 0px !important;padding-top: 35px !important;padding-right: 20px !important;padding-bottom: 30px !important;padding-left: 20px !important;}&#8221;][vc_column_inner width=&#8221;1\/2&#8243;]<div class=\"thim-widget-icon-box template-base\"><div class=\"wrapper-box-icon text-left \" ><div class=\"smicon-box iconbox-left\" style=\"--icon-font-size:48px;--icon-color:#dd6c30;--icon-width: 60px;--icon-height: 55px;--icon-color-hover:#dd6c30;\"><div class=\"boxes-icon\"><a class=\"icon-box-link\" target=\"_self\" href=\"#\"><span class=\"inner-icon\"><span class=\"icon\"><i class=\"fas fa-user-clock\"\"><\/i><\/span><\/span><\/span><\/a><\/div><div class=\"content-inner\"><div class=\"sc-heading article_heading\"><h3 class = \"heading__primary\" style=\"--title-color: #2ec4b6;--title-font-size: 18px;--title-font-weight: 400;--title-margin-bottom: 5px;\"><a class=\"icon-box-link\" target=\"_self\" href=\"#\" >INSCRIPCIONES ABIERTAS<\/a><\/h3><\/div><div class=\"desc-icon-box\"><div class=\"desc-content\" style=\"color: #292929;font-size: 16px;font-weight: 300;line-height: 23px;\">Del 01 de septiembre al 03 de octubre 2025<\/div><\/div><\/div><\/div><\/div><\/div>[\/vc_column_inner][vc_column_inner width=&#8221;1\/2&#8243;]<div class=\"thim-widget-icon-box template-base\"><div class=\"wrapper-box-icon text-left \" ><div class=\"smicon-box iconbox-left\" style=\"--icon-font-size:48px;--icon-color:#1e73be;--icon-width: 60px;--icon-height: 55px;--icon-color-hover:#ff2b2b;\"><div class=\"boxes-icon\"><a class=\"icon-box-link\" target=\"_blank\" href=\"https:\/\/web.facebook.com\/watch\/?v=2012300872447606\"><span class=\"inner-icon\"><span class=\"icon\"><i class=\"fab fa-facebook\"\"><\/i><\/span><\/span><\/span><\/a><\/div><div class=\"content-inner\"><div class=\"sc-heading article_heading\"><h3 class = \"heading__primary\" style=\"--title-color: #2ec4b6;--title-font-size: 18px;--title-font-weight: 400;--title-margin-bottom: 5px;\"><a class=\"icon-box-link\" target=\"_blank\" href=\"https:\/\/web.facebook.com\/watch\/?v=2012300872447606\" >INSTRUCCIONES<\/a><\/h3><\/div><div class=\"desc-icon-box\"><div class=\"desc-content\" style=\"color: #292929;font-size: 16px;font-weight: 300;line-height: 23px;\">Videotutorial en Youtube<\/div><\/div><\/div><\/div><\/div><\/div>[\/vc_column_inner][\/vc_row_inner][\/vc_column][vc_column width=&#8221;1\/3&#8243; el_class=&#8221;feature-icon-box&#8221; css=&#8221;.vc_custom_1532058945916{padding-top: 35px !important;padding-right: 0px !important;padding-bottom: 33px !important;padding-left: 30px !important;}&#8221;]<div class=\"thim-widget-icon-box template-base\"><div class=\"wrapper-box-icon text-left \" ><div class=\"smicon-box iconbox-right\" style=\"--icon-font-size:38px;--icon-color:#ffffff;--icon-width: 80px;--icon-height: 42px;--icon-color-hover:#292929;\"><div class=\"boxes-icon\"><a class=\"icon-box-link\" target=\"_blank\" href=\"\/ovy\/register\"><span class=\"inner-icon\"><span class=\"icon\"><i class=\"fas fa-hand-point-left\"\"><\/i><\/span><\/span><\/span><\/a><\/div><div class=\"content-inner\"><div class=\"sc-heading article_heading\"><h3 class = \"heading__primary\" style=\"--title-color: #ffffff;--title-font-size: 20px;--title-font-weight: 500;--title-margin-bottom: 5px;\"><a class=\"icon-box-link\" target=\"_blank\" href=\"\/ovy\/register\" >INSCR\u00cdBETE AQU\u00cd<\/a><\/h3><\/div><div class=\"desc-icon-box\"><div class=\"desc-content\" style=\"color: #ffffff;font-size: 16px;font-weight: 400;line-height: 23px;\">Estudiantes nuevos 2026<\/div><\/div><\/div><\/div><\/div><\/div>[\/vc_column][\/vc_row][vc_row][vc_column width=&#8221;2\/3&#8243;]<div class=\"thim-widget-heading template-base\"><div class=\"sc_heading  text-center\"><h3 style=\"font-size:35px;font-weight:600;\" class=\"title\">Calendario <strong>Institucional<\/strong><\/h3><\/div><\/div>[vc_column_text]<\/p>\n<p style=\"text-align: center;\"><iframe loading=\"lazy\" style=\"border: 0;\" src=\"https:\/\/calendar.google.com\/calendar\/embed?src=repositorio%40coloriental26.edu.co&amp;ctz=America%2FBogota\" width=\"800\" height=\"600\" frameborder=\"0\" scrolling=\"no\"><\/iframe><\/p>\n<p>[\/vc_column_text][\/vc_column][vc_column width=&#8221;1\/3&#8243;]<div class=\"thim-widget-heading template-base\"><div class=\"sc_heading  \"><h3 style=\"color:#292929;font-size:35px;font-weight:600;\" class=\"title\">\u00daltimas <strong>Noticias<\/strong><\/h3><\/div><\/div><div class=\"thim-widget-list-post template-list-post\">\n<div class=\"sc-list-post thim-list-posts home-new\" >\n\t<div class=\"item-post post-12076 post type-post status-publish format-standard hentry category-noticias\">\n\t\t<div class=\"article-title-wrapper\"><h5 class=\"title\"><a href=\"https:\/\/coloriental26.edu.co\/web\/orientaciones-para-el-proceso-de-matricula-vigencia-2025-2026\/\" class=\"article-title\">Orientaciones para el proceso de matr\u00edcula vigencia 2025 -2026<\/a><\/h5><div class=\"article-date\"><i class=\"tk tk-calendar-with-week-focus\"><\/i> 2 septiembre, 2025<\/div><div class=\"description\"><p>Orientaciones para el proceso de matr\u00edcula vigencia 2025 -20267 Descarga aqu\u00ed la circular:CIRCULAR 009 Proceso de matr\u00edcula 2025 &#8211; 2026 Estimada comunidad educativa A continuaci\u00f3n, se desglosan los asuntos relacionados con el proceso de matr\u00edcula para la vigencia escolar 2026, &#8230;<\/p><\/div><\/div><\/div>\n\t<div class=\"item-post post-12064 post type-post status-publish format-image hentry category-noticias post_format-post-format-image\">\n\t\t<div class=\"article-title-wrapper\"><h5 class=\"title\"><a href=\"https:\/\/coloriental26.edu.co\/web\/prematricula-estudiantes-antiguos\/\" class=\"article-title\">PREMATR\u00cdCULA ESTUDIANTES ANTIGUOS<\/a><\/h5><div class=\"article-date\"><i class=\"tk tk-calendar-with-week-focus\"><\/i> 2 septiembre, 2024<\/div><div class=\"description\"><p>Recuerda que este proceso es de car\u00e1cter obligatorio pues garantiza tu continuidad en nuestra instituci\u00f3n educativa, de no realizarlo entenderemos que no deseas continuar tus estudios con nosotros en la vigencia 2025. Utiliza el c\u00f3digo QR de la imagen para &#8230;<\/p><\/div><\/div><\/div><\/div><\/div>[vc_zigzag css=&#8221;.vc_custom_1553787417949{margin-top: 15px !important;}&#8221;][\/vc_column][\/vc_row][vc_row full_width=&#8221;stretch_row&#8221;][vc_column width=&#8221;1\/3&#8243;]<div class=\"thim-widget-heading template-base\"><div class=\"sc_heading  \"><h3 style=\"color:#292929;font-size:35px;font-weight:600;\" class=\"title\">Nuestra <strong>Misi\u00f3n<\/strong><\/h3><\/div><\/div>[vc_column_text css=&#8221;.vc_custom_1554594393598{margin-bottom: 35px !important;}&#8221;]<\/p>\n<div class=\"textwidget\">\n<p style=\"text-align: left;\">La Instituci\u00f3n Educativa &#8230;<\/p>\n<\/div>\n<p>[\/vc_column_text]<div class=\"thim-widget-button template-base\"><a class=\"widget-button very-rounded no-border small custom_style\" href=\"https:\/\/coloriental26.edu.co\/web\/nuestro-colegio\/\" style=\"--widget-button-font-size: 14px;--widget-button-font-weight: 400;--widget-button-color: #ffffff;--widget-button-background-color: #2ec4b6;--widget-button-color-hover: #ffffff;--widget-button-background-color-hover: #1c9b8e;\"><i class=\"fa fa-plus\" style=\"font-size: 14px;\"><\/i> Informaci\u00f3n<\/a><\/div>[\/vc_column][vc_column width=&#8221;1\/3&#8243;]<div class=\"thim-widget-heading template-base\"><div class=\"sc_heading  text-center\"><h3 style=\"color:#292929;font-size:35px;font-weight:600;\" class=\"title\">Nuestra <strong>Bandera<\/strong><\/h3><\/div><\/div>[vc_single_image image=&#8221;430&#8243; alignment=&#8221;center&#8221;][\/vc_column][vc_column width=&#8221;1\/3&#8243;]<div class=\"thim-widget-heading template-base\"><div class=\"sc_heading  text-center\"><h3 style=\"color:#292929;font-size:35px;font-weight:600;\" class=\"title\">Nuestra<strong> Visi\u00f3n <\/strong><\/h3><\/div><\/div>[\/vc_column][\/vc_row][vc_row full_width=&#8221;stretch_row&#8221; disable_element=&#8221;yes&#8221; css=&#8221;.vc_custom_1560011388305{margin-bottom: 0px !important;padding-top: 60px !important;padding-bottom: 60px !important;background-color: #353866 !important;}&#8221;][vc_column width=&#8221;1\/4&#8243; css=&#8221;.vc_custom_1532062830416{padding-top: 0px !important;}&#8221;]<div class=\"vc-extral_class home-grad\"><div class=\"thim-widget-counters-box template-base\"><div class=\"counter-box home-page\" style=\"\"><div class=\"content-box-percentage\">\n\t\t<div class=\"wrap-percentage\">\n\t\t<div class=\"display-percentage\" data-percentage=\"95\" >95<\/div><div class=\"text_number\">%<\/div><\/div><div class=\"counter-content-container\"><div class=\"counter-box-content\" style=\"\">Estudiantes Aprobados<\/div><\/div><\/div><\/div><\/div><\/div>[\/vc_column][vc_column width=&#8221;1\/4&#8243; css=&#8221;.vc_custom_1549114450977{padding-top: 0px !important;}&#8221;]<div class=\"vc-extral_class home-grad\"><div class=\"thim-widget-counters-box template-base\"><div class=\"counter-box home-page\" style=\"\"><div class=\"content-box-percentage\">\n\t\t<div class=\"wrap-percentage\">\n\t\t<div class=\"display-percentage\" data-percentage=\"60\" >60<\/div><div class=\"text_number\">K<\/div><\/div><div class=\"counter-content-container\"><div class=\"counter-box-content\" style=\"\">Estudiantes Atendidos<\/div><\/div><\/div><\/div><\/div><\/div>[\/vc_column][vc_column width=&#8221;1\/4&#8243; css=&#8221;.vc_custom_1532062843476{padding-top: 0px !important;}&#8221;]<div class=\"vc-extral_class home-grad\"><div class=\"thim-widget-counters-box template-base\"><div class=\"counter-box home-page\" style=\"\"><div class=\"content-box-percentage\">\n\t\t<div class=\"wrap-percentage\">\n\t\t<div class=\"display-percentage\" data-percentage=\"3200\" >3200<\/div><div class=\"text_number\"><\/div><\/div><div class=\"counter-content-container\"><div class=\"counter-box-content\" style=\"\">Estudiantes Graduados<\/div><\/div><\/div><\/div><\/div><\/div>[\/vc_column][vc_column width=&#8221;1\/4&#8243; css=&#8221;.vc_custom_1532062850425{padding-top: 0px !important;}&#8221;]<div class=\"vc-extral_class home-grad\"><div class=\"thim-widget-counters-box template-base\"><div class=\"counter-box home-page\" style=\"\"><div class=\"content-box-percentage\">\n\t\t<div class=\"wrap-percentage\">\n\t\t<div class=\"display-percentage\" data-percentage=\"45\" >45<\/div><div class=\"text_number\"><\/div><\/div><div class=\"counter-content-container\"><div class=\"counter-box-content\" style=\"\">A\u00f1os de Historia<\/div><\/div><\/div><\/div><\/div><\/div>[\/vc_column][\/vc_row][vc_row content_placement=&#8221;middle&#8221; css=&#8221;.vc_custom_1739411400045{margin-top: 30px !important;background-image: url(https:\/\/coloriental26.edu.co\/web\/wp-content\/uploads\/2025\/02\/Teprot.png?id=12070) !important;background-position: center !important;background-repeat: no-repeat !important;background-size: cover !important;}&#8221; el_id=&#8221;#teprotejo&#8221;][vc_column width=&#8221;1\/3&#8243;][\/vc_column][vc_column width=&#8221;1\/3&#8243;]<div class=\"thim-widget-heading template-base\"><div class=\"sc_heading  text-center\"><h3 style=\"color:#1e73be;font-size:20px;font-weight:bold;\" class=\"title\">TeGu\u00edo<\/h3><\/div><\/div>[vc_column_text css=&#8221;&#8221;]<\/p>\n<p style=\"text-align: center;\">Si tienes dudas sobre l\u00edmites en las relaciones, consentimiento, contacto con material de explotaci\u00f3n sexual de ni\u00f1as, ni\u00f1os y adolescentes, preocupaciones sobre los intereses, comentarios o comportamientos sexuales de alguien menor de 18 a\u00f1os, en Te Gu\u00edo est\u00e1 bien preguntar.<\/p>\n<p>[\/vc_column_text][vc_btn title=&#8221;Visitar Sitio&#8221; style=&#8221;3d&#8221; color=&#8221;primary&#8221; size=&#8221;sm&#8221; align=&#8221;center&#8221; i_icon_fontawesome=&#8221;fas fa-external-link-alt&#8221; css=&#8221;&#8221; add_icon=&#8221;true&#8221; link=&#8221;url:https%3A%2F%2Fwww.teguiocolombia.org%2Findex.html|target:_blank&#8221;][\/vc_column][vc_column width=&#8221;1\/3&#8243;][\/vc_column][\/vc_row][vc_row css=&#8221;.vc_custom_1548794962314{padding-top: 0px !important;padding-bottom: 0px !important;}&#8221;][vc_column][vc_separator]<div class=\"thim-widget-gallery-posts template-gallery-posts\">\n\n\t\t<div class=\"wrapper-filter-controls\">\n\t\t<ul class=\"filter-controls\">\n\t\t\t<li>\n\t\t\t\t<a class=\"filter active\" data-filter=\"*\" href=\"javascript:;\">Todos<\/a>\n\t\t\t<\/li>\n\t\t\t<li><a class=\"filter\" href=\"javascript:;\" data-filter=\".filter-3471\">Izadas de Bandera<\/a><\/li><li><a class=\"filter\" href=\"javascript:;\" data-filter=\".filter-3470\">Celebraciones<\/a><\/li><li><a class=\"filter\" href=\"javascript:;\" data-filter=\".filter-3473\">Infraestructura<\/a><\/li>\t\t<\/ul>\n\t<\/div>\n\n\t<div class=\"wrapper-gallery-filter row\" itemscope itemtype=\"http:\/\/schema.org\/ItemList\">\n\t\t<div class=\"item_gallery col-sm-4 item_post filter-3471\"><a class=\"thim-gallery-popup\" href=\"#\" data-id=\"11402\"><img loading=\"lazy\" decoding=\"async\" src=\"https:\/\/coloriental26.edu.co\/web\/wp-content\/uploads\/2019\/01\/demo_image-440x440.jpg\" alt=\"D\u00eda de la Familia\" title=\"demo_image\"  width=\"440\" height=\"440\"><\/a><\/div><div class=\"item_gallery col-sm-4 item_post filter-3470\"><a class=\"thim-gallery-popup\" href=\"#\" data-id=\"11398\"><img loading=\"lazy\" decoding=\"async\" src=\"https:\/\/coloriental26.edu.co\/web\/wp-content\/uploads\/2019\/01\/demo_image-440x440.jpg\" alt=\"Graduados\" title=\"demo_image\"  width=\"440\" height=\"440\"><\/a><\/div><div class=\"item_gallery col-sm-4 item_post filter-3473\"><a class=\"thim-gallery-popup\" href=\"#\" data-id=\"11396\"><img loading=\"lazy\" decoding=\"async\" src=\"https:\/\/coloriental26.edu.co\/web\/wp-content\/uploads\/2019\/01\/demo_image-440x440.jpg\" alt=\"Murales Nuestro Colegio\" title=\"demo_image\"  width=\"440\" height=\"440\"><\/a><\/div>\t<\/div>\n\t<div class=\"thim-gallery-show\"><\/div>\n\n\t<\/div>[\/vc_column][\/vc_row][vc_row full_width=&#8221;stretch_row&#8221; css=&#8221;.vc_custom_1739413089344{padding-top: 80px !important;padding-bottom: 80px !important;background-color: #71cefc !important;}&#8221;][vc_column css=&#8221;.vc_custom_1532076559485{padding-top: 0px !important;}&#8221;]<div class=\"vc-extral_class wpb_animate_when_almost_visible wpb_fadeInUp fadeInUp\"><div class=\"thim-widget-gallery-images template-base\"><div class=\"thim-carousel-wrapper gallery-img\" data-visible=\"3\" data-itemtablet=\"3\" data-itemmobile=\"3\" data-autoplay=\"0\" data-navigation=\"1\" data-pagination=\"1\" data-loop=\"true\"><div class=\"item\"><a target=_blank href=\"https:\/\/teprotejocolombia.org\/\"><img loading=\"lazy\" decoding=\"async\" width=\"412\" height=\"150\" src=\"https:\/\/coloriental26.edu.co\/web\/wp-content\/uploads\/2025\/02\/TEPROTEJO.png\" class=\"attachment-full size-full\" alt=\"\" srcset=\"https:\/\/coloriental26.edu.co\/web\/wp-content\/uploads\/2025\/02\/TEPROTEJO.png 412w, https:\/\/coloriental26.edu.co\/web\/wp-content\/uploads\/2025\/02\/TEPROTEJO-300x109.png 300w\" sizes=\"auto, (max-width: 412px) 100vw, 412px\" \/><\/a><\/div><div class=\"item\"><a target=_blank href=\"https:\/\/www.sena.edu.co\/es-co\/Paginas\/default.aspx\"><img loading=\"lazy\" decoding=\"async\" width=\"153\" height=\"150\" src=\"https:\/\/coloriental26.edu.co\/web\/wp-content\/uploads\/2025\/02\/logoSena-e1737411421366.png\" class=\"attachment-full size-full\" alt=\"\" \/><\/a><\/div><div class=\"item\"><a target=_blank href=\"https:\/\/www.icfes.gov.co\/\"><img loading=\"lazy\" decoding=\"async\" width=\"108\" height=\"150\" src=\"https:\/\/coloriental26.edu.co\/web\/wp-content\/uploads\/2025\/02\/ICFES.png\" class=\"attachment-full size-full\" alt=\"\" \/><\/a><\/div><\/div><\/div><\/div>[\/vc_column][\/vc_row]<\/p>\n<\/div>","protected":false},"excerpt":{"rendered":"<p>[vc_row full_width=&#8221;stretch_row&#8221; css=&#8221;.vc_custom_1648825889616{margin-bottom: 0px !important;}&#8221;][vc_column][rev_slider_vc alias=&#8221;home-page&#8221;][\/vc_column][\/vc_row][vc_row css=&#8221;.vc_custom_1768939378056{margin-top: -90px !important;background-color: #eee0cd !important;}&#8221; el_class=&#8221;row_relative&#8221;][vc_column width=&#8221;2\/3&#8243; css=&#8221;.vc_custom_1532058844902{padding-top: 0px !important;}&#8221;][vc_row_inner css=&#8221;.vc_custom_1532058886594{margin-bottom: 0px !important;padding-top: 35px !important;padding-right: 20px !important;padding-bottom: 30px !important;padding-left: 20px !important;}&#8221;][vc_column_inner width=&#8221;1\/3&#8243;][\/vc_column_inner][vc_column_inner width=&#8221;1\/3&#8243;][\/vc_column_inner][vc_column_inner width=&#8221;1\/3&#8243;][\/vc_column_inner][\/vc_row_inner][\/vc_column][vc_column width=&#8221;1\/3&#8243; el_class=&#8221;feature-icon-box&#8221; css=&#8221;.vc_custom_1532058945916{padding-top: 35px !important;padding-right: 0px !important;padding-bottom: 33px !important;padding-left: 30px &hellip; <\/p>\n","protected":false},"author":1,"featured_media":0,"parent":0,"menu_order":0,"comment_status":"closed","ping_status":"closed","template":"page-templates\/homepage.php","meta":{"footnotes":""},"class_list":["post-10591","page","type-page","status-publish","hentry"],"_links":{"self":[{"href":"https:\/\/coloriental26.edu.co\/web\/wp-json\/wp\/v2\/pages\/10591","targetHints":{"allow":["GET"]}}],"collection":[{"href":"https:\/\/coloriental26.edu.co\/web\/wp-json\/wp\/v2\/pages"}],"about":[{"href":"https:\/\/coloriental26.edu.co\/web\/wp-json\/wp\/v2\/types\/page"}],"author":[{"embeddable":true,"href":"https:\/\/coloriental26.edu.co\/web\/wp-json\/wp\/v2\/users\/1"}],"replies":[{"embeddable":true,"href":"https:\/\/coloriental26.edu.co\/web\/wp-json\/wp\/v2\/comments?post=10591"}],"version-history":[{"count":132,"href":"https:\/\/coloriental26.edu.co\/web\/wp-json\/wp\/v2\/pages\/10591\/revisions"}],"predecessor-version":[{"id":12080,"href":"https:\/\/coloriental26.edu.co\/web\/wp-json\/wp\/v2\/pages\/10591\/revisions\/12080"}],"wp:attachment":[{"href":"https:\/\/coloriental26.edu.co\/web\/wp-json\/wp\/v2\/media?parent=10591"}],"curies":[{"name":"wp","href":"https:\/\/api.w.org\/{rel}","templated":true}]}}